{"id":990178,"date":"2021-06-01T14:09:14","date_gmt":"2021-06-01T14:09:14","guid":{"rendered":"https:\/\/uusveeb.lets.ee\/privacy-policy\/"},"modified":"2025-09-25T07:12:22","modified_gmt":"2025-09-25T07:12:22","slug":"privacy-policy","status":"publish","type":"page","link":"https:\/\/uusveeb.lets.ee\/en\/privacy-policy\/","title":{"rendered":"Privacy Policy"},"content":{"rendered":"\t\t<div data-elementor-type=\"wp-page\" data-elementor-id=\"990178\" class=\"elementor elementor-990178 elementor-3\" data-elementor-post-type=\"page\">\n\t\t\t\t\t\t<section class=\"elementor-section elementor-top-section elementor-element elementor-element-4bf2cba elementor-section-boxed elementor-section-height-default elementor-section-height-default\" data-id=\"4bf2cba\" data-element_type=\"section\" data-e-type=\"section\">\n\t\t\t\t\t\t<div class=\"elementor-container elementor-column-gap-no\">\n\t\t\t\t\t<div class=\"elementor-column elementor-col-100 elementor-top-column elementor-element elementor-element-5dd1a03\" data-id=\"5dd1a03\" data-element_type=\"column\" data-e-type=\"column\" data-settings=\"{&quot;motion_fx_motion_fx_scrolling&quot;:&quot;yes&quot;,&quot;motion_fx_translateY_effect&quot;:&quot;yes&quot;,&quot;motion_fx_translateY_speed&quot;:{&quot;unit&quot;:&quot;px&quot;,&quot;size&quot;:2,&quot;sizes&quot;:[]},&quot;motion_fx_devices&quot;:[&quot;desktop&quot;],&quot;motion_fx_translateY_affectedRange&quot;:{&quot;unit&quot;:&quot;%&quot;,&quot;size&quot;:&quot;&quot;,&quot;sizes&quot;:{&quot;start&quot;:0,&quot;end&quot;:100}}}\">\n\t\t\t<div class=\"elementor-widget-wrap elementor-element-populated\">\n\t\t\t\t\t\t<div class=\"elementor-element elementor-element-1b08461 elementor-invisible elementor-widget elementor-widget-text-editor\" data-id=\"1b08461\" data-element_type=\"widget\" data-e-type=\"widget\" data-settings=\"{&quot;_animation&quot;:&quot;fadeInDown&quot;,&quot;_animation_tablet&quot;:&quot;none&quot;,&quot;_animation_delay&quot;:300}\" data-widget_type=\"text-editor.default\">\n\t\t\t\t<div class=\"elementor-widget-container\">\n\t\t\t\t\t\t\t\t\t<h1>Privacy <span style=\"color: #ff6a00;\">~<\/span><\/h1>\t\t\t\t\t\t\t\t<\/div>\n\t\t\t\t<\/div>\n\t\t\t\t<div class=\"vamtam-has-theme-widget-styles elementor-element elementor-element-4b5f041 elementor-invisible elementor-widget elementor-widget-heading\" data-id=\"4b5f041\" data-element_type=\"widget\" data-e-type=\"widget\" data-settings=\"{&quot;_animation&quot;:&quot;fadeInUp&quot;,&quot;_animation_tablet&quot;:&quot;none&quot;,&quot;_animation_delay&quot;:400}\" data-widget_type=\"heading.default\">\n\t\t\t\t<div class=\"elementor-widget-container\">\n\t\t\t\t\t<h1 class=\"elementor-heading-title elementor-size-default\">Privacy policy<\/h1>\t\t\t\t<\/div>\n\t\t\t\t<\/div>\n\t\t\t\t\t<\/div>\n\t\t<\/div>\n\t\t\t\t\t<\/div>\n\t\t<\/section>\n\t\t\t\t<section class=\"elementor-section elementor-top-section elementor-element elementor-element-27590fcf elementor-section-boxed elementor-section-height-default elementor-section-height-default\" data-id=\"27590fcf\" data-element_type=\"section\" data-e-type=\"section\">\n\t\t\t\t\t\t<div class=\"elementor-container elementor-column-gap-no\">\n\t\t\t\t\t<div class=\"elementor-column elementor-col-100 elementor-top-column elementor-element elementor-element-9287207\" data-id=\"9287207\" data-element_type=\"column\" data-e-type=\"column\">\n\t\t\t<div class=\"elementor-widget-wrap elementor-element-populated\">\n\t\t\t\t\t\t<div class=\"elementor-element elementor-element-768a6ca6 elementor-widget elementor-widget-text-editor\" data-id=\"768a6ca6\" data-element_type=\"widget\" data-e-type=\"widget\" data-widget_type=\"text-editor.default\">\n\t\t\t\t<div class=\"elementor-widget-container\">\n\t\t\t\t\t\t\t\t\t<h4>Who we are<\/h4>\n<p><\/p>\n<p style=\"font-style: normal; font-variant-caps: normal;\">Our website address is: <b>https:\/\/lets.ee.<\/b><\/p>\n<p style=\"font-style: normal; font-variant-caps: normal;\">The website is operated by &nbsp;<b>H\u00fcr\u00fc O\u00dc&nbsp;<\/b> (registrikood 16655128, Hallikivi tee 8, T\u00fcrisalu, Estonia).<\/p>\n<p style=\"font-style: normal; font-variant-caps: normal;\">Contact e-mail: &nbsp;<b>hello@lets.ee<\/b>.<\/p>\n<h4>Comments<\/h4>\n<p><\/p>\n<p style=\"font-style: normal; font-variant-caps: normal;\">Our website does not have a comment function. We therefore do not collect data related to comments. <\/p>\n<p><\/p>\n<p><\/p>\n<h4>Media<\/h4>\n<p><\/p>\n<p style=\"font-style: normal; font-variant-caps: normal;\">Visitors cannot upload media files to this website.<\/p>\n<p style=\"font-style: normal; font-variant-caps: normal;\">\n<\/p><h4>Cookies<\/h4>\n<p><\/p>\n<p style=\"font-style: normal; font-variant-caps: normal;\">This website uses only essential technical cookies that ensure the functioning of the e-shop (e.g. remembering the contents of the cart until checkout).<br>We do not use cookies for advertising or analytics. <\/p>\n<h4>Embedded content from other websites<\/h4>\n<p><\/p>\n<p style=\"font-style: normal; font-variant-caps: normal;\">We do not use embedded content from external websites (such as videos, articles, or third-party tracking).<\/p>\n<p style=\"font-style: normal; font-variant-caps: normal;\">\n<\/p><p style=\"font-style: normal; font-variant-caps: normal;\">\n<\/p><p style=\"font-style: normal; font-variant-caps: normal;\">\n<\/p><p style=\"font-style: normal; font-variant-caps: normal;\">\n<\/p><h4>Who we share your data with<\/h4>\n<p><\/p>\n<p style=\"font-style: normal; font-variant-caps: normal;\">We share your data only when it is necessary to fulfill your order.&nbsp;<span style=\"font-style: normal; font-variant-caps: normal; letter-spacing: var( --vamtam-primary-font-letter-spacing-desktop, normal ); text-transform: var(--vamtam-primary-font-transform,none); text-decoration: var(--vamtam-primary-font-decoration,none);\">For shipping, we provide delivery details (name, phone number, address) to our logistics partners:<\/span><span style=\"font-style: normal; font-variant-caps: normal; letter-spacing: var( --vamtam-primary-font-letter-spacing-desktop, normal ); text-transform: var(--vamtam-primary-font-transform,none); text-decoration: var(--vamtam-primary-font-decoration,none);\">&nbsp;<\/span><span style=\"font-style: normal; font-variant-caps: normal; letter-spacing: var( --vamtam-primary-font-letter-spacing-desktop, normal ); text-transform: var(--vamtam-primary-font-transform,none); text-decoration: var(--vamtam-primary-font-decoration,none);\"><b>DPD, Omniva ja Itella SmartPOST<\/b><\/span><span style=\"font-style: normal; font-variant-caps: normal; letter-spacing: var( --vamtam-primary-font-letter-spacing-desktop, normal ); text-transform: var(--vamtam-primary-font-transform,none); text-decoration: var(--vamtam-primary-font-decoration,none);\">.<\/span><\/p>\n<p style=\"font-style: normal; font-variant-caps: normal;\"><span style=\"font-style: normal; font-variant-caps: normal; letter-spacing: var( --vamtam-primary-font-letter-spacing-desktop, normal ); text-transform: var(--vamtam-primary-font-transform,none); text-decoration: var(--vamtam-primary-font-decoration,none);\"><br><\/span><\/p>\n<h4>How long we retain your data<\/h4>\n<p><\/p>\n<p style=\"font-style: normal; font-variant-caps: normal;\">We retain order-related data as long as required by Estonian accounting and legal obligations. After that period, data is deleted or anonymized. <\/p>\n<p style=\"font-style: normal; font-variant-caps: normal;\">\n<\/p><h4>What rights you have over your data<\/h4>\n<p><\/p>\n<p class=\"p1\" style=\"font-style: normal; font-variant-caps: normal;\">You have the right to:<\/p>\n<p class=\"p2\" style=\"font-style: normal; font-variant-caps: normal;\"><span class=\"s1\"><\/span><\/p>\n<p style=\"font-style: normal; font-variant-caps: normal;\">\n<\/p><ul style=\"caret-color: rgb(0, 0, 0); color: rgb(0, 0, 0); font-style: normal; font-variant-caps: normal; font-weight: 400; letter-spacing: normal; orphans: auto; text-align: start; text-indent: 0px; text-transform: none; white-space: normal; widows: auto; word-spacing: 0px; -webkit-text-stroke-width: 0px; text-decoration: none;\">\n<li>\n<p class=\"p1\">Request access to your personal data that we hold<\/p>\n<\/li>\n<li>\n<p class=\"p1\">Request correction or deletion of your personal data (except where retention is required by law)<\/p>\n<\/li>\n<li>\n<p class=\"p1\">File a complaint with the Estonian Data Protection Inspectorate if you believe your rights have been violated<\/p>\n<\/li>\n<\/ul>\n<p><\/p>\n<h4>&nbsp;<\/h4>\n<h4>Where we send your data<\/h4>\n<p><\/p>\n<p class=\"p1\" style=\"font-style: normal; font-variant-caps: normal;\">Me ei edasta sinu andmeid v\u00e4ljapoole ELi\/EMP piirkonda.&nbsp;<span style=\"font-style: normal; font-variant-caps: normal; letter-spacing: var( --vamtam-primary-font-letter-spacing-desktop, normal ); text-transform: var(--vamtam-primary-font-transform,none); text-decoration: var(--vamtam-primary-font-decoration,none);\">Ainus andmete edastamine toimub kohaletoimetamiseks meie logistikapartneritele (<\/span><span class=\"s1\" style=\"font-style: normal; font-variant-caps: normal; letter-spacing: var( --vamtam-primary-font-letter-spacing-desktop, normal ); text-transform: var(--vamtam-primary-font-transform,none); text-decoration: var(--vamtam-primary-font-decoration,none);\"><b>DPD, Omniva, Itella SmartPOST<\/b><\/span><span style=\"font-style: normal; font-variant-caps: normal; letter-spacing: var( --vamtam-primary-font-letter-spacing-desktop, normal ); text-transform: var(--vamtam-primary-font-transform,none); text-decoration: var(--vamtam-primary-font-decoration,none);\">).<\/span><\/p>\n<p><\/p>\t\t\t\t\t\t\t\t<\/div>\n\t\t\t\t<\/div>\n\t\t\t\t\t<\/div>\n\t\t<\/div>\n\t\t\t\t\t<\/div>\n\t\t<\/section>\n\t\t\t\t<\/div>\n\t\t","protected":false},"excerpt":{"rendered":"<p>Privacy ~ Privacy policy Who we are Our website address is: https:\/\/lets.ee. The website is operated by &nbsp;H\u00fcr\u00fc O\u00dc&nbsp; (registrikood 16655128, Hallikivi tee 8, T\u00fcrisalu, Estonia). Contact e-mail: &nbsp;hello@lets.ee. Comments Our website does not have a comment function. We therefore do not collect data related to comments. Media Visitors cannot upload media files to this&#8230;<\/p>\n","protected":false},"author":1,"featured_media":988091,"parent":0,"menu_order":0,"comment_status":"closed","ping_status":"open","template":"","meta":{"footnotes":""},"class_list":["post-990178","page","type-page","status-publish","has-post-thumbnail","hentry"],"yoast_head":"<!-- This site is optimized with the Yoast SEO plugin v27.4 - https:\/\/yoast.com\/product\/yoast-seo-wordpress\/ -->\n<title>Privacy Policy - LET&#039;S<\/title>\n<meta name=\"description\" content=\"https:\/\/uusveeb.lets.ee\/wp-content\/uploads\/2013\/04\/large.jpg\" \/>\n<meta name=\"robots\" content=\"index, follow, max-snippet:-1, max-image-preview:large, max-video-preview:-1\" \/>\n<link rel=\"canonical\" href=\"https:\/\/uusveeb.lets.ee\/en\/privacy-policy\/\" \/>\n<meta property=\"og:locale\" content=\"en_US\" \/>\n<meta property=\"og:type\" content=\"article\" \/>\n<meta property=\"og:title\" content=\"Privacy Policy - LET&#039;S\" \/>\n<meta property=\"og:description\" content=\"https:\/\/uusveeb.lets.ee\/wp-content\/uploads\/2013\/04\/large.jpg\" \/>\n<meta property=\"og:url\" content=\"https:\/\/uusveeb.lets.ee\/en\/privacy-policy\/\" \/>\n<meta property=\"og:site_name\" content=\"LET&#039;S\" \/>\n<meta property=\"article:publisher\" content=\"https:\/\/uusveeb.lets.ee\/wp-content\/uploads\/2013\/04\/large.jpg\" \/>\n<meta property=\"article:modified_time\" content=\"2025-09-25T07:12:22+00:00\" \/>\n<meta property=\"og:image\" content=\"https:\/\/uusveeb.lets.ee\/wp-content\/uploads\/2021\/08\/default.jpg\" \/>\n\t<meta property=\"og:image:width\" content=\"800\" \/>\n\t<meta property=\"og:image:height\" content=\"800\" \/>\n\t<meta property=\"og:image:type\" content=\"image\/jpeg\" \/>\n<meta name=\"twitter:card\" content=\"summary_large_image\" \/>\n<meta name=\"twitter:site\" content=\"@jpg\" \/>\n<meta name=\"twitter:label1\" content=\"Est. reading time\" \/>\n\t<meta name=\"twitter:data1\" content=\"1 minute\" \/>\n<script type=\"application\/ld+json\" class=\"yoast-schema-graph\">{\"@context\":\"https:\\\/\\\/schema.org\",\"@graph\":[{\"@type\":\"WebPage\",\"@id\":\"https:\\\/\\\/uusveeb.lets.ee\\\/en\\\/privacy-policy\\\/\",\"url\":\"https:\\\/\\\/uusveeb.lets.ee\\\/en\\\/privacy-policy\\\/\",\"name\":\"Privacy Policy - LET'S\",\"isPartOf\":{\"@id\":\"https:\\\/\\\/uusveeb.lets.ee\\\/en\\\/#website\"},\"primaryImageOfPage\":{\"@id\":\"https:\\\/\\\/uusveeb.lets.ee\\\/en\\\/privacy-policy\\\/#primaryimage\"},\"image\":{\"@id\":\"https:\\\/\\\/uusveeb.lets.ee\\\/en\\\/privacy-policy\\\/#primaryimage\"},\"thumbnailUrl\":\"https:\\\/\\\/uusveeb.lets.ee\\\/wp-content\\\/uploads\\\/2021\\\/08\\\/default.jpg\",\"datePublished\":\"2021-06-01T14:09:14+00:00\",\"dateModified\":\"2025-09-25T07:12:22+00:00\",\"description\":\"https:\\\/\\\/uusveeb.lets.ee\\\/wp-content\\\/uploads\\\/2013\\\/04\\\/large.jpg\",\"breadcrumb\":{\"@id\":\"https:\\\/\\\/uusveeb.lets.ee\\\/en\\\/privacy-policy\\\/#breadcrumb\"},\"inLanguage\":\"en-US\",\"potentialAction\":[{\"@type\":\"ReadAction\",\"target\":[\"https:\\\/\\\/uusveeb.lets.ee\\\/en\\\/privacy-policy\\\/\"]}]},{\"@type\":\"ImageObject\",\"inLanguage\":\"en-US\",\"@id\":\"https:\\\/\\\/uusveeb.lets.ee\\\/en\\\/privacy-policy\\\/#primaryimage\",\"url\":\"https:\\\/\\\/uusveeb.lets.ee\\\/wp-content\\\/uploads\\\/2021\\\/08\\\/default.jpg\",\"contentUrl\":\"https:\\\/\\\/uusveeb.lets.ee\\\/wp-content\\\/uploads\\\/2021\\\/08\\\/default.jpg\",\"width\":800,\"height\":800},{\"@type\":\"BreadcrumbList\",\"@id\":\"https:\\\/\\\/uusveeb.lets.ee\\\/en\\\/privacy-policy\\\/#breadcrumb\",\"itemListElement\":[{\"@type\":\"ListItem\",\"position\":1,\"name\":\"Home\",\"item\":\"https:\\\/\\\/uusveeb.lets.ee\\\/en\\\/\"},{\"@type\":\"ListItem\",\"position\":2,\"name\":\"Privacy Policy\"}]},{\"@type\":\"WebSite\",\"@id\":\"https:\\\/\\\/uusveeb.lets.ee\\\/en\\\/#website\",\"url\":\"https:\\\/\\\/uusveeb.lets.ee\\\/en\\\/\",\"name\":\"https:\\\/\\\/uusveeb.lets.ee\\\/wp-content\\\/uploads\\\/2013\\\/04\\\/large.jpg\",\"description\":\"Suhtekaardid\",\"publisher\":{\"@id\":\"https:\\\/\\\/uusveeb.lets.ee\\\/en\\\/#organization\"},\"alternateName\":\"https:\\\/\\\/uusveeb.lets.ee\\\/wp-content\\\/uploads\\\/2013\\\/04\\\/large.jpg\",\"potentialAction\":[{\"@type\":\"SearchAction\",\"target\":{\"@type\":\"EntryPoint\",\"urlTemplate\":\"https:\\\/\\\/uusveeb.lets.ee\\\/en\\\/?s={search_term_string}\"},\"query-input\":{\"@type\":\"PropertyValueSpecification\",\"valueRequired\":true,\"valueName\":\"search_term_string\"}}],\"inLanguage\":\"en-US\"},{\"@type\":\"Organization\",\"@id\":\"https:\\\/\\\/uusveeb.lets.ee\\\/en\\\/#organization\",\"name\":\"https:\\\/\\\/uusveeb.lets.ee\\\/wp-content\\\/uploads\\\/2013\\\/04\\\/large.jpg\",\"alternateName\":\"https:\\\/\\\/uusveeb.lets.ee\\\/wp-content\\\/uploads\\\/2013\\\/04\\\/large.jpg\",\"url\":\"https:\\\/\\\/uusveeb.lets.ee\\\/en\\\/\",\"logo\":{\"@type\":\"ImageObject\",\"inLanguage\":\"en-US\",\"@id\":\"https:\\\/\\\/uusveeb.lets.ee\\\/en\\\/#\\\/schema\\\/logo\\\/image\\\/\",\"url\":\"https:\\\/\\\/uusveeb.lets.ee\\\/wp-content\\\/uploads\\\/2013\\\/04\\\/large.jpg\",\"contentUrl\":\"https:\\\/\\\/uusveeb.lets.ee\\\/wp-content\\\/uploads\\\/2013\\\/04\\\/large.jpg\",\"width\":968,\"height\":1314,\"caption\":\"https:\\\/\\\/uusveeb.lets.ee\\\/wp-content\\\/uploads\\\/2013\\\/04\\\/large.jpg\"},\"image\":{\"@id\":\"https:\\\/\\\/uusveeb.lets.ee\\\/en\\\/#\\\/schema\\\/logo\\\/image\\\/\"},\"sameAs\":[\"https:\\\/\\\/uusveeb.lets.ee\\\/wp-content\\\/uploads\\\/2013\\\/04\\\/large.jpg\",\"https:\\\/\\\/x.com\\\/https:\\\/\\\/uusveeb.lets.ee\\\/wp-content\\\/uploads\\\/2013\\\/04\\\/large.jpg\"]}]}<\/script>\n<!-- \/ Yoast SEO plugin. -->","yoast_head_json":{"title":"Privacy Policy - LET'S","description":"https:\/\/uusveeb.lets.ee\/wp-content\/uploads\/2013\/04\/large.jpg","robots":{"index":"index","follow":"follow","max-snippet":"max-snippet:-1","max-image-preview":"max-image-preview:large","max-video-preview":"max-video-preview:-1"},"canonical":"https:\/\/uusveeb.lets.ee\/en\/privacy-policy\/","og_locale":"en_US","og_type":"article","og_title":"Privacy Policy - LET'S","og_description":"https:\/\/uusveeb.lets.ee\/wp-content\/uploads\/2013\/04\/large.jpg","og_url":"https:\/\/uusveeb.lets.ee\/en\/privacy-policy\/","og_site_name":"LET'S","article_publisher":"https:\/\/uusveeb.lets.ee\/wp-content\/uploads\/2013\/04\/large.jpg","article_modified_time":"2025-09-25T07:12:22+00:00","og_image":[{"width":800,"height":800,"url":"https:\/\/uusveeb.lets.ee\/wp-content\/uploads\/2021\/08\/default.jpg","type":"image\/jpeg"}],"twitter_card":"summary_large_image","twitter_site":"@jpg","twitter_misc":{"Est. reading time":"1 minute"},"schema":{"@context":"https:\/\/schema.org","@graph":[{"@type":"WebPage","@id":"https:\/\/uusveeb.lets.ee\/en\/privacy-policy\/","url":"https:\/\/uusveeb.lets.ee\/en\/privacy-policy\/","name":"Privacy Policy - LET'S","isPartOf":{"@id":"https:\/\/uusveeb.lets.ee\/en\/#website"},"primaryImageOfPage":{"@id":"https:\/\/uusveeb.lets.ee\/en\/privacy-policy\/#primaryimage"},"image":{"@id":"https:\/\/uusveeb.lets.ee\/en\/privacy-policy\/#primaryimage"},"thumbnailUrl":"https:\/\/uusveeb.lets.ee\/wp-content\/uploads\/2021\/08\/default.jpg","datePublished":"2021-06-01T14:09:14+00:00","dateModified":"2025-09-25T07:12:22+00:00","description":"https:\/\/uusveeb.lets.ee\/wp-content\/uploads\/2013\/04\/large.jpg","breadcrumb":{"@id":"https:\/\/uusveeb.lets.ee\/en\/privacy-policy\/#breadcrumb"},"inLanguage":"en-US","potentialAction":[{"@type":"ReadAction","target":["https:\/\/uusveeb.lets.ee\/en\/privacy-policy\/"]}]},{"@type":"ImageObject","inLanguage":"en-US","@id":"https:\/\/uusveeb.lets.ee\/en\/privacy-policy\/#primaryimage","url":"https:\/\/uusveeb.lets.ee\/wp-content\/uploads\/2021\/08\/default.jpg","contentUrl":"https:\/\/uusveeb.lets.ee\/wp-content\/uploads\/2021\/08\/default.jpg","width":800,"height":800},{"@type":"BreadcrumbList","@id":"https:\/\/uusveeb.lets.ee\/en\/privacy-policy\/#breadcrumb","itemListElement":[{"@type":"ListItem","position":1,"name":"Home","item":"https:\/\/uusveeb.lets.ee\/en\/"},{"@type":"ListItem","position":2,"name":"Privacy Policy"}]},{"@type":"WebSite","@id":"https:\/\/uusveeb.lets.ee\/en\/#website","url":"https:\/\/uusveeb.lets.ee\/en\/","name":"https:\/\/uusveeb.lets.ee\/wp-content\/uploads\/2013\/04\/large.jpg","description":"Suhtekaardid","publisher":{"@id":"https:\/\/uusveeb.lets.ee\/en\/#organization"},"alternateName":"https:\/\/uusveeb.lets.ee\/wp-content\/uploads\/2013\/04\/large.jpg","potentialAction":[{"@type":"SearchAction","target":{"@type":"EntryPoint","urlTemplate":"https:\/\/uusveeb.lets.ee\/en\/?s={search_term_string}"},"query-input":{"@type":"PropertyValueSpecification","valueRequired":true,"valueName":"search_term_string"}}],"inLanguage":"en-US"},{"@type":"Organization","@id":"https:\/\/uusveeb.lets.ee\/en\/#organization","name":"https:\/\/uusveeb.lets.ee\/wp-content\/uploads\/2013\/04\/large.jpg","alternateName":"https:\/\/uusveeb.lets.ee\/wp-content\/uploads\/2013\/04\/large.jpg","url":"https:\/\/uusveeb.lets.ee\/en\/","logo":{"@type":"ImageObject","inLanguage":"en-US","@id":"https:\/\/uusveeb.lets.ee\/en\/#\/schema\/logo\/image\/","url":"https:\/\/uusveeb.lets.ee\/wp-content\/uploads\/2013\/04\/large.jpg","contentUrl":"https:\/\/uusveeb.lets.ee\/wp-content\/uploads\/2013\/04\/large.jpg","width":968,"height":1314,"caption":"https:\/\/uusveeb.lets.ee\/wp-content\/uploads\/2013\/04\/large.jpg"},"image":{"@id":"https:\/\/uusveeb.lets.ee\/en\/#\/schema\/logo\/image\/"},"sameAs":["https:\/\/uusveeb.lets.ee\/wp-content\/uploads\/2013\/04\/large.jpg","https:\/\/x.com\/https:\/\/uusveeb.lets.ee\/wp-content\/uploads\/2013\/04\/large.jpg"]}]}},"_links":{"self":[{"href":"https:\/\/uusveeb.lets.ee\/en\/wp-json\/wp\/v2\/pages\/990178","targetHints":{"allow":["GET"]}}],"collection":[{"href":"https:\/\/uusveeb.lets.ee\/en\/wp-json\/wp\/v2\/pages"}],"about":[{"href":"https:\/\/uusveeb.lets.ee\/en\/wp-json\/wp\/v2\/types\/page"}],"author":[{"embeddable":true,"href":"https:\/\/uusveeb.lets.ee\/en\/wp-json\/wp\/v2\/users\/1"}],"replies":[{"embeddable":true,"href":"https:\/\/uusveeb.lets.ee\/en\/wp-json\/wp\/v2\/comments?post=990178"}],"version-history":[{"count":1,"href":"https:\/\/uusveeb.lets.ee\/en\/wp-json\/wp\/v2\/pages\/990178\/revisions"}],"predecessor-version":[{"id":990179,"href":"https:\/\/uusveeb.lets.ee\/en\/wp-json\/wp\/v2\/pages\/990178\/revisions\/990179"}],"wp:featuredmedia":[{"embeddable":true,"href":"https:\/\/uusveeb.lets.ee\/en\/wp-json\/wp\/v2\/media\/988091"}],"wp:attachment":[{"href":"https:\/\/uusveeb.lets.ee\/en\/wp-json\/wp\/v2\/media?parent=990178"}],"curies":[{"name":"wp","href":"https:\/\/api.w.org\/{rel}","templated":true}]}}